{"id":6388,"date":"2023-02-10T13:34:30","date_gmt":"2023-02-10T09:34:30","guid":{"rendered":"https:\/\/www.princessresidence.co\/?page_id=6388"},"modified":"2023-02-10T13:56:41","modified_gmt":"2023-02-10T09:56:41","slug":"request","status":"publish","type":"page","link":"https:\/\/www.princessresidence.co\/tr\/groceries\/request\/","title":{"rendered":"Request Groceries"},"content":{"rendered":"<div data-elementor-type=\"wp-page\" data-elementor-id=\"6388\" class=\"elementor elementor-6388\">\n\t\t\t\t\t\t\t\t\t<section class=\"elementor-section elementor-top-section elementor-element elementor-element-8119a95 elementor-section-full_width elementor-section-height-min-height elementor-section-height-default elementor-section-items-middle\" data-id=\"8119a95\" data-element_type=\"section\" data-settings=\"{&quot;background_background&quot;:&quot;gradient&quot;}\">\n\t\t\t\t\t\t\t<div class=\"elementor-background-overlay\"><\/div>\n\t\t\t\t\t\t\t<div class=\"elementor-container elementor-column-gap-default\">\n\t\t\t\t\t<div class=\"elementor-column elementor-col-100 elementor-top-column elementor-element elementor-element-222414a\" data-id=\"222414a\" data-element_type=\"column\">\n\t\t\t<div class=\"elementor-widget-wrap elementor-element-populated\">\n\t\t\t\t\t\t\t\t<div class=\"elementor-element elementor-element-57571fe elementor-widget elementor-widget-spacer\" data-id=\"57571fe\" data-element_type=\"widget\" data-widget_type=\"spacer.default\">\n\t\t\t\t<div class=\"elementor-widget-container\">\n\t\t\t\t\t<div class=\"elementor-spacer\">\n\t\t\t<div class=\"elementor-spacer-inner\"><\/div>\n\t\t<\/div>\n\t\t\t\t<\/div>\n\t\t\t\t<\/div>\n\t\t\t\t<div class=\"elementor-element elementor-element-e2e9532 elementor-view-default elementor-position-top elementor-invisible elementor-widget elementor-widget-themo-header\" data-id=\"e2e9532\" data-element_type=\"widget\" data-settings=\"{&quot;_animation&quot;:&quot;fadeIn&quot;}\" data-widget_type=\"themo-header.default\">\n\t\t\t\t<div class=\"elementor-widget-container\">\n\t\t\t\t\t<div class=\"th-header-wrap\">\n        <div class=\"elementor-icon-box-wrapper\">\n                            <div class=\"elementor-icon-box-content\">\n                    <h1 class=\"elementor-icon-box-title\">\n                        S\u0130PAR\u0130\u015e FORMU                    <\/h1>\n                                        <p class=\"elementor-icon-box-description\">A\u015fa\u011f\u0131daki formu doldurarak g\u0131da al\u0131\u015fveri\u015finde bulunabilirsiniz. \u00d6demenizi resepsiyona yapabilirsiniz.<\/p>\n\n                                    <\/div>\n            <\/div>\n\n        <\/div>\n\n\t\t\t\t<\/div>\n\t\t\t\t<\/div>\n\t\t\t\t\t<\/div>\n\t\t<\/div>\n\t\t\t\t\t\t\t<\/div>\n\t\t<\/section>\n\t\t\t\t<section class=\"elementor-section elementor-top-section elementor-element elementor-element-3493023 elementor-section-boxed elementor-section-height-default elementor-section-height-default\" data-id=\"3493023\" data-element_type=\"section\">\n\t\t\t\t\t\t<div class=\"elementor-container elementor-column-gap-default\">\n\t\t\t\t\t<div class=\"elementor-column elementor-col-100 elementor-top-column elementor-element elementor-element-989fe75\" data-id=\"989fe75\" data-element_type=\"column\">\n\t\t\t<div class=\"elementor-widget-wrap elementor-element-populated\">\n\t\t\t\t\t\t\t\t<div class=\"elementor-element elementor-element-7b3fc1a elementor-widget elementor-widget-spacer\" data-id=\"7b3fc1a\" data-element_type=\"widget\" data-widget_type=\"spacer.default\">\n\t\t\t\t<div class=\"elementor-widget-container\">\n\t\t\t\t\t<div class=\"elementor-spacer\">\n\t\t\t<div class=\"elementor-spacer-inner\"><\/div>\n\t\t<\/div>\n\t\t\t\t<\/div>\n\t\t\t\t<\/div>\n\t\t\t\t\t<\/div>\n\t\t<\/div>\n\t\t\t\t\t\t\t<\/div>\n\t\t<\/section>\n\t\t\t\t<section class=\"elementor-section elementor-top-section elementor-element elementor-element-4612380 elementor-section-boxed elementor-section-height-default elementor-section-height-default\" data-id=\"4612380\" data-element_type=\"section\">\n\t\t\t\t\t\t<div class=\"elementor-container elementor-column-gap-default\">\n\t\t\t\t\t<div class=\"elementor-column elementor-col-100 elementor-top-column elementor-element elementor-element-6327e06\" data-id=\"6327e06\" data-element_type=\"column\">\n\t\t\t<div class=\"elementor-widget-wrap elementor-element-populated\">\n\t\t\t\t\t\t\t\t<div class=\"elementor-element elementor-element-4f86aad elementor-widget elementor-widget-themo-formidable-form\" data-id=\"4f86aad\" data-element_type=\"widget\" data-widget_type=\"themo-formidable-form.default\">\n\t\t\t\t<div class=\"elementor-widget-container\">\n\t\t\t            <div class=\"th-fo-form  th-centered th-form-default  th-btn-form btn-standard-primary-form\"><link rel='stylesheet' id='formidable-css' href='https:\/\/www.princessresidence.co\/wp-content\/plugins\/formidable\/css\/formidableforms.css?ver=1271508' type='text\/css' media='all' \/>\n<div class=\"frm_forms  with_frm_style frm_style_formidable-style\" id=\"frm_form_19_container\" >\n<form enctype=\"multipart\/form-data\" method=\"post\" class=\"frm-show-form  frm_pro_form\" id=\"form_groceries1\" action=\"\" >\n<div class=\"frm_form_fields\">\n<fieldset>\n\r\n<div class=\"frm_fields_container\">\n<input type=\"hidden\" name=\"frm_action\" value=\"create\" \/>\n<input type=\"hidden\" name=\"form_id\" value=\"19\" \/>\n<input type=\"hidden\" name=\"frm_hide_fields_19\" id=\"frm_hide_fields_19\" value=\"\" \/>\n<input type=\"hidden\" name=\"form_key\" value=\"groceries1\" \/>\n<input type=\"hidden\" name=\"item_meta[0]\" value=\"\" \/>\n<input type=\"hidden\" id=\"frm_submit_entry_19\" name=\"frm_submit_entry_19\" value=\"370eaf8f93\" \/><input type=\"hidden\" name=\"_wp_http_referer\" value=\"\/tr\/wp-json\/wp\/v2\/pages\/6388\" \/><div id=\"frm_field_186_container\" class=\"frm_form_field form-field  frm_required_field frm_top_container frm6 frm_first\">\r\n    <label for=\"field_xipbjr33\" class=\"frm_primary_label\">\u0130sim\r\n        <span class=\"frm_required\">*<\/span>\r\n    <\/label>\r\n    <input  type=\"text\" id=\"field_xipbjr33\" name=\"item_meta[186]\" value=\"\"  placeholder=\"\u0130sim\" data-reqmsg=\"Name cannot be blank.\" aria-required=\"true\" data-invmsg=\"Name is invalid\" aria-invalid=\"false\"   \/>\r\n    \r\n    \r\n<\/div>\n<div id=\"frm_field_193_container\" class=\"frm_form_field form-field  frm_required_field frm_top_container frm6\">\r\n    <label for=\"field_32ez9\" id=\"field_32ez9_label\" class=\"frm_primary_label\">Paket T\u00fcr\u00fc\r\n        <span class=\"frm_required\" aria-hidden=\"true\">*<\/span>\r\n    <\/label>\r\n    \t\t<select name=\"item_meta[193]\" id=\"field_32ez9\"  data-reqmsg=\"Grocery Package cannot be blank.\" aria-required=\"true\" data-invmsg=\"Grocery Package is invalid\" aria-invalid=\"false\"  >\n\t\t<option  value=\"Standard Package (Assorted Breakfast Items)\">Standard Package (Assorted Breakfast Items)<\/option><option  value=\"Family Package (Standard Package + More)\">Family Package (Standard Package + More)<\/option><option  value=\"Grand Package (Family Package + More)\">Grand Package (Family Package + More)<\/option>\t<\/select>\n\t\r\n    \r\n    \r\n<\/div>\n<div id=\"frm_field_187_container\" class=\"frm_form_field form-field  frm_required_field frm_top_container frm6 frm_first\">\r\n    <label for=\"field_jaehy833\" class=\"frm_primary_label\">Email\r\n        <span class=\"frm_required\">*<\/span>\r\n    <\/label>\r\n    <input  type=\"text\" id=\"field_jaehy833\" name=\"item_meta[187]\" value=\"\"  placeholder=\"Email\" data-reqmsg=\"Email cannot be blank.\" aria-required=\"true\" data-invmsg=\"Email is invalid\" aria-invalid=\"false\"   \/>\r\n    \r\n    \r\n<\/div>\n<div id=\"frm_field_188_container\" class=\"frm_form_field form-field  frm_top_container frm6\">\r\n    <label for=\"field_cqpguu33\" class=\"frm_primary_label\">Telefon\r\n        <span class=\"frm_required\"><\/span>\r\n    <\/label>\r\n    <input  type=\"text\" id=\"field_cqpguu33\" name=\"item_meta[188]\" value=\"\"  placeholder=\"Telefon\" data-invmsg=\"Phone is invalid\" aria-invalid=\"false\"   \/>\r\n    \r\n    \r\n<\/div>\n<div id=\"frm_field_194_container\" class=\"frm_form_field form-field  frm_required_field frm_top_container frm6 frm_first\">\r\n    <label for=\"field_a5ne9\" id=\"field_a5ne9_label\" class=\"frm_primary_label\">Geli\u015f Tarihi\r\n        <span class=\"frm_required\" aria-hidden=\"true\">*<\/span>\r\n    <\/label>\r\n    <input  type=\"text\" id=\"field_a5ne9\" name=\"item_meta[194]\" value=\"\"  placeholder=\"ay \/ g\u00fcn \/ y\u0131l\" data-reqmsg=\"Arrival Date cannot be blank.\" aria-required=\"true\" data-invmsg=\"Text is invalid\" aria-invalid=\"false\"   \/>\r\n    \r\n    \r\n<\/div>\n<div id=\"frm_field_196_container\" class=\"frm_form_field form-field  frm_top_container frm6\">\r\n    <label for=\"field_rsu5u\" id=\"field_rsu5u_label\" class=\"frm_primary_label\">Oda Numaras\u0131 (opsiyonel)\r\n        <span class=\"frm_required\" aria-hidden=\"true\"><\/span>\r\n    <\/label>\r\n    <input type=\"number\" id=\"field_rsu5u\" name=\"item_meta[196]\" value=\"\" data-invmsg=\"Number is invalid\" aria-invalid=\"false\"   min=\"101\" max=\"117\" step=\"any\" \/>\r\n    \r\n    \r\n<\/div>\n<div id=\"frm_field_190_container\" class=\"frm_form_field form-field  frm_top_container frm12 frm_first\">\r\n    <label for=\"field_kggkvh33\" class=\"frm_primary_label\">Notlar (opsiyonel)\r\n        <span class=\"frm_required\"><\/span>\r\n    <\/label>\r\n    <textarea name=\"item_meta[190]\" id=\"field_kggkvh33\" rows=\"2\"  placeholder=\"Notlar\" data-invmsg=\"Notes (Optional) is invalid\" aria-invalid=\"false\"  ><\/textarea>\r\n    \r\n    \r\n<\/div>\n<div id=\"frm_field_191_container\" class=\"frm_form_field form-field  frm_required_field frm_none_container frm_first vertical_radio\">\r\n    <div  id=\"field_mpzqp3_label\" class=\"frm_primary_label\">Consents\r\n        <span class=\"frm_required\" aria-hidden=\"true\">*<\/span>\r\n    <\/div>\r\n    <div class=\"frm_opt_container\" aria-labelledby=\"field_mpzqp3_label\" role=\"group\">\t\t<div class=\"frm_checkbox\" id=\"frm_checkbox_191-4\">\t\t\t<label  for=\"field_mpzqp3-4\">\n\t\t\t<input type=\"checkbox\" name=\"item_meta[191][]\" id=\"field_mpzqp3-4\" value=\"I have read and agree to the &lt;a href=&quot;https:\/\/www.princessresidence.co\/privacy-policy&quot; target=&quot;_blank&quot;&gt;Privacy Policy&lt;\/a&gt;.\"  data-reqmsg=\"Consents cannot be blank.\" data-invmsg=\"Consents is invalid\"   aria-required=\"true\"  \/> Linkteki metni okudum ve anlad\u0131m: <a href=\"https:\/\/www.princessresidence.co\/tr\/privacy-policy\/\" target=\"_blank\">Gizlilik Politikam\u0131z<\/a>.<\/label><\/div>\n\t\t<div class=\"frm_checkbox\" id=\"frm_checkbox_191-2\">\t\t\t<label  for=\"field_mpzqp3-2\">\n\t\t\t<input type=\"checkbox\" name=\"item_meta[191][]\" id=\"field_mpzqp3-2\" value=\"I have read and agree to the &lt;a href=&quot;https:\/\/www.princessresidence.co\/privacy-policy#kvkk&quot; target=&quot;_blank&quot; rel=&quot;noopener&quot;&gt;Protection of Personal Data Act (KVKK)&lt;\/a&gt;.\"  data-reqmsg=\"Consents cannot be blank.\" data-invmsg=\"Consents is invalid\"   \/> Linkteki metni okudum ve anlad\u0131m: <a href=\"https:\/\/www.princessresidence.co\/tr\/privacy-policy\/#kvkk\" target=\"_blank\" rel=\"noopener\">Ki\u015fisel Verilerin Koruma Kanunu<\/a>.<\/label><\/div>\n\t\t<div class=\"frm_checkbox\" id=\"frm_checkbox_191-3\">\t\t\t<label  for=\"field_mpzqp3-3\">\n\t\t\t<input type=\"checkbox\" name=\"item_meta[191][]\" id=\"field_mpzqp3-3\" value=\"I give my open consent on the use of my data as per the &lt;a href=&quot;https:\/\/www.princessresidence.co\/privacy-policy#openconsent&quot; target=&quot;_blank&quot;&gt;Open Consent Declaration&lt;\/a&gt;.\"  data-reqmsg=\"Consents cannot be blank.\" data-invmsg=\"Consents is invalid\"   \/> A\u00e7\u0131k r\u0131zam\u0131 verdim: <a href=\"https:\/\/www.princessresidence.co\/tr\/privacy-policy\/#openconsent\" target=\"_blank\">A\u00e7\u0131k R\u0131za Beyan\u0131<\/a>.<\/label><\/div>\n<\/div>\r\n    \r\n    \r\n<\/div>\n<div id=\"frm_field_192_container\" class=\"frm_form_field form-field  frm_none_container\">\r\n    <label for=\"g-recaptcha-response\" id=\"field_32m4h3_label\" class=\"frm_primary_label\">CAPTCHA\r\n        <span class=\"frm_required\" aria-hidden=\"true\"><\/span>\r\n    <\/label>\r\n    <div  id=\"field_32m4h3\" class=\"frm-g-recaptcha\" data-sitekey=\"6LdY5zAeAAAAAOOig6VtUsxkFPR0YQcBzlLmXMST\" data-size=\"normal\" data-theme=\"light\"><\/div>\r\n    \r\n    \r\n<\/div>\n\t<input type=\"hidden\" name=\"item_key\" value=\"\" \/>\n\t\t\t<div id=\"frm_field_337_container\">\n\t\t\t<label for=\"field_cre3j\" >\n\t\t\t\tIf you are human, leave this field blank.\t\t\t<\/label>\n\t\t\t<input  id=\"field_cre3j\" type=\"text\" class=\"frm_form_field form-field frm_verify\" name=\"item_meta[337]\" value=\"\"  \/>\n\t\t<\/div>\n\t\t<input name=\"frm_state\" type=\"hidden\" value=\"GZncwxNJujwym8+hY4H5ruNlJfw8So3mjjtKysURK17g6v51eCs0g2Y00pOAsOgz\" \/><div class=\"frm_submit\">\r\n\r\n<input type=\"submit\" value=\"Sipari\u015f Olu\u015ftur\"  class=\"frm_final_submit\" \/>\r\n<img decoding=\"async\" class=\"frm_ajax_loading\" src=\"https:\/\/www.princessresidence.co\/wp-content\/plugins\/formidable\/images\/ajax_loader.gif\" alt=\"Sending\" style=\"visibility:hidden;\" \/>\r\n\r\n<\/div><\/div>\n<\/fieldset>\n<\/div>\n\n<p style=\"display: none !important;\" class=\"akismet-fields-container\" data-prefix=\"ak_\"><label>&#916;<textarea name=\"ak_hp_textarea\" cols=\"45\" rows=\"8\" maxlength=\"100\"><\/textarea><\/label><input type=\"hidden\" id=\"ak_js_1\" name=\"ak_js\" value=\"140\"\/><script>document.getElementById( \"ak_js_1\" ).setAttribute( \"value\", ( new Date() ).getTime() );<\/script><\/p><input type=\"hidden\" name=\"trp-form-language\" value=\"tr\"\/><\/form>\n<\/div>\n<\/div>\n            \t\t<\/div>\n\t\t\t\t<\/div>\n\t\t\t\t\t<\/div>\n\t\t<\/div>\n\t\t\t\t\t\t\t<\/div>\n\t\t<\/section>\n\t\t\t\t<section class=\"elementor-section elementor-top-section elementor-element elementor-element-6bd29c2 elementor-section-boxed elementor-section-height-default elementor-section-height-default\" data-id=\"6bd29c2\" data-element_type=\"section\">\n\t\t\t\t\t\t<div class=\"elementor-container elementor-column-gap-default\">\n\t\t\t\t\t<div class=\"elementor-column elementor-col-100 elementor-top-column elementor-element elementor-element-fb330c8\" data-id=\"fb330c8\" data-element_type=\"column\">\n\t\t\t<div class=\"elementor-widget-wrap elementor-element-populated\">\n\t\t\t\t\t\t\t\t<div class=\"elementor-element elementor-element-e68a70e elementor-widget elementor-widget-spacer\" data-id=\"e68a70e\" data-element_type=\"widget\" data-widget_type=\"spacer.default\">\n\t\t\t\t<div class=\"elementor-widget-container\">\n\t\t\t\t\t<div class=\"elementor-spacer\">\n\t\t\t<div class=\"elementor-spacer-inner\"><\/div>\n\t\t<\/div>\n\t\t\t\t<\/div>\n\t\t\t\t<\/div>\n\t\t\t\t\t<\/div>\n\t\t<\/div>\n\t\t\t\t\t\t\t<\/div>\n\t\t<\/section>\n\t\t\t\t\t\t\t<\/div>","protected":false},"excerpt":{"rendered":"<p>GROCERIES ORDER FORM Fill out the form below to order your groceries. Your payment can be made at the reception afterwards. Name * Grocery Package * Standard Package (Assorted Breakfast Items) Family Package (Standard Package + More) Grand Package (Family &hellip; <a href=\"https:\/\/www.princessresidence.co\/tr\/groceries\/request\/\">Read More<\/a><\/p>","protected":false},"author":1,"featured_media":0,"parent":63,"menu_order":0,"comment_status":"closed","ping_status":"closed","template":"","meta":{"footnotes":""},"class_list":["post-6388","page","type-page","status-publish","hentry"],"yoast_head":"<!-- This site is optimized with the Yoast SEO plugin v26.8 - https:\/\/yoast.com\/product\/yoast-seo-wordpress\/ -->\n<title>Request Groceries - Princess Residence<\/title>\n<meta name=\"robots\" content=\"index, follow, max-snippet:-1, max-image-preview:large, max-video-preview:-1\" \/>\n<link rel=\"canonical\" href=\"https:\/\/www.princessresidence.co\/tr\/groceries\/request\/\" \/>\n<meta property=\"og:locale\" content=\"tr_TR\" \/>\n<meta property=\"og:type\" content=\"article\" \/>\n<meta property=\"og:title\" content=\"Request Groceries - Princess Residence\" \/>\n<meta property=\"og:description\" content=\"GROCERIES ORDER FORM Fill out the form below to order your groceries. Your payment can be made at the reception afterwards. Name * Grocery Package * Standard Package (Assorted Breakfast Items) Family Package (Standard Package + More) Grand Package (Family &hellip; Read More\" \/>\n<meta property=\"og:url\" content=\"https:\/\/www.princessresidence.co\/tr\/groceries\/request\/\" \/>\n<meta property=\"og:site_name\" content=\"Princess Residence\" \/>\n<meta property=\"article:publisher\" content=\"https:\/\/www.facebook.com\/princess.residence.istanbul.apartments\" \/>\n<meta property=\"article:modified_time\" content=\"2023-02-10T09:56:41+00:00\" \/>\n<meta property=\"og:image\" content=\"https:\/\/www.princessresidence.co\/wp-content\/plugins\/formidable\/images\/ajax_loader.gif\" \/>\n<meta name=\"twitter:card\" content=\"summary_large_image\" \/>\n<meta name=\"twitter:label1\" content=\"Tahmini okuma s\u00fcresi\" \/>\n\t<meta name=\"twitter:data1\" content=\"1 dakika\" \/>\n<script type=\"application\/ld+json\" class=\"yoast-schema-graph\">{\"@context\":\"https:\/\/schema.org\",\"@graph\":[{\"@type\":\"WebPage\",\"@id\":\"https:\/\/www.princessresidence.co\/groceries\/request\/\",\"url\":\"https:\/\/www.princessresidence.co\/groceries\/request\/\",\"name\":\"Request Groceries - Princess Residence\",\"isPartOf\":{\"@id\":\"https:\/\/www.princessresidence.co\/#website\"},\"primaryImageOfPage\":{\"@id\":\"https:\/\/www.princessresidence.co\/groceries\/request\/#primaryimage\"},\"image\":{\"@id\":\"https:\/\/www.princessresidence.co\/groceries\/request\/#primaryimage\"},\"thumbnailUrl\":\"https:\/\/www.princessresidence.co\/wp-content\/plugins\/formidable\/images\/ajax_loader.gif\",\"datePublished\":\"2023-02-10T09:34:30+00:00\",\"dateModified\":\"2023-02-10T09:56:41+00:00\",\"breadcrumb\":{\"@id\":\"https:\/\/www.princessresidence.co\/groceries\/request\/#breadcrumb\"},\"inLanguage\":\"tr\",\"potentialAction\":[{\"@type\":\"ReadAction\",\"target\":[\"https:\/\/www.princessresidence.co\/groceries\/request\/\"]}]},{\"@type\":\"ImageObject\",\"inLanguage\":\"tr\",\"@id\":\"https:\/\/www.princessresidence.co\/groceries\/request\/#primaryimage\",\"url\":\"https:\/\/www.princessresidence.co\/wp-content\/plugins\/formidable\/images\/ajax_loader.gif\",\"contentUrl\":\"https:\/\/www.princessresidence.co\/wp-content\/plugins\/formidable\/images\/ajax_loader.gif\"},{\"@type\":\"BreadcrumbList\",\"@id\":\"https:\/\/www.princessresidence.co\/groceries\/request\/#breadcrumb\",\"itemListElement\":[{\"@type\":\"ListItem\",\"position\":1,\"name\":\"Home\",\"item\":\"https:\/\/www.princessresidence.co\/\"},{\"@type\":\"ListItem\",\"position\":2,\"name\":\"Groceries\",\"item\":\"https:\/\/www.princessresidence.co\/groceries\/\"},{\"@type\":\"ListItem\",\"position\":3,\"name\":\"Request Groceries\"}]},{\"@type\":\"WebSite\",\"@id\":\"https:\/\/www.princessresidence.co\/#website\",\"url\":\"https:\/\/www.princessresidence.co\/\",\"name\":\"Princess Residence\",\"description\":\"Serviced Apartments in Istanbul\",\"publisher\":{\"@id\":\"https:\/\/www.princessresidence.co\/#organization\"},\"potentialAction\":[{\"@type\":\"SearchAction\",\"target\":{\"@type\":\"EntryPoint\",\"urlTemplate\":\"https:\/\/www.princessresidence.co\/?s={search_term_string}\"},\"query-input\":{\"@type\":\"PropertyValueSpecification\",\"valueRequired\":true,\"valueName\":\"search_term_string\"}}],\"inLanguage\":\"tr\"},{\"@type\":\"Organization\",\"@id\":\"https:\/\/www.princessresidence.co\/#organization\",\"name\":\"Princess Residence\",\"url\":\"https:\/\/www.princessresidence.co\/\",\"logo\":{\"@type\":\"ImageObject\",\"inLanguage\":\"tr\",\"@id\":\"https:\/\/www.princessresidence.co\/#\/schema\/logo\/image\/\",\"url\":\"https:\/\/www.princessresidence.co\/wp-content\/uploads\/2021\/05\/cropped-magripli-residence-logo-1.png\",\"contentUrl\":\"https:\/\/www.princessresidence.co\/wp-content\/uploads\/2021\/05\/cropped-magripli-residence-logo-1.png\",\"width\":356,\"height\":69,\"caption\":\"Princess Residence\"},\"image\":{\"@id\":\"https:\/\/www.princessresidence.co\/#\/schema\/logo\/image\/\"},\"sameAs\":[\"https:\/\/www.facebook.com\/princess.residence.istanbul.apartments\"]}]}<\/script>\n<!-- \/ Yoast SEO plugin. -->","yoast_head_json":{"title":"Request Groceries - Princess Residence","robots":{"index":"index","follow":"follow","max-snippet":"max-snippet:-1","max-image-preview":"max-image-preview:large","max-video-preview":"max-video-preview:-1"},"canonical":"https:\/\/www.princessresidence.co\/tr\/groceries\/request\/","og_locale":"tr_TR","og_type":"article","og_title":"Request Groceries - Princess Residence","og_description":"GROCERIES ORDER FORM Fill out the form below to order your groceries. Your payment can be made at the reception afterwards. Name * Grocery Package * Standard Package (Assorted Breakfast Items) Family Package (Standard Package + More) Grand Package (Family &hellip; Read More","og_url":"https:\/\/www.princessresidence.co\/tr\/groceries\/request\/","og_site_name":"Princess Residence","article_publisher":"https:\/\/www.facebook.com\/princess.residence.istanbul.apartments","article_modified_time":"2023-02-10T09:56:41+00:00","og_image":[{"url":"https:\/\/www.princessresidence.co\/wp-content\/plugins\/formidable\/images\/ajax_loader.gif","type":"","width":"","height":""}],"twitter_card":"summary_large_image","twitter_misc":{"Tahmini okuma s\u00fcresi":"1 dakika"},"schema":{"@context":"https:\/\/schema.org","@graph":[{"@type":"WebPage","@id":"https:\/\/www.princessresidence.co\/groceries\/request\/","url":"https:\/\/www.princessresidence.co\/groceries\/request\/","name":"Request Groceries - Princess Residence","isPartOf":{"@id":"https:\/\/www.princessresidence.co\/#website"},"primaryImageOfPage":{"@id":"https:\/\/www.princessresidence.co\/groceries\/request\/#primaryimage"},"image":{"@id":"https:\/\/www.princessresidence.co\/groceries\/request\/#primaryimage"},"thumbnailUrl":"https:\/\/www.princessresidence.co\/wp-content\/plugins\/formidable\/images\/ajax_loader.gif","datePublished":"2023-02-10T09:34:30+00:00","dateModified":"2023-02-10T09:56:41+00:00","breadcrumb":{"@id":"https:\/\/www.princessresidence.co\/groceries\/request\/#breadcrumb"},"inLanguage":"tr","potentialAction":[{"@type":"ReadAction","target":["https:\/\/www.princessresidence.co\/groceries\/request\/"]}]},{"@type":"ImageObject","inLanguage":"tr","@id":"https:\/\/www.princessresidence.co\/groceries\/request\/#primaryimage","url":"https:\/\/www.princessresidence.co\/wp-content\/plugins\/formidable\/images\/ajax_loader.gif","contentUrl":"https:\/\/www.princessresidence.co\/wp-content\/plugins\/formidable\/images\/ajax_loader.gif"},{"@type":"BreadcrumbList","@id":"https:\/\/www.princessresidence.co\/groceries\/request\/#breadcrumb","itemListElement":[{"@type":"ListItem","position":1,"name":"Home","item":"https:\/\/www.princessresidence.co\/"},{"@type":"ListItem","position":2,"name":"Groceries","item":"https:\/\/www.princessresidence.co\/groceries\/"},{"@type":"ListItem","position":3,"name":"Request Groceries"}]},{"@type":"WebSite","@id":"https:\/\/www.princessresidence.co\/#website","url":"https:\/\/www.princessresidence.co\/","name":"Princess Residence","description":"Serviced Apartments in Istanbul","publisher":{"@id":"https:\/\/www.princessresidence.co\/#organization"},"potentialAction":[{"@type":"SearchAction","target":{"@type":"EntryPoint","urlTemplate":"https:\/\/www.princessresidence.co\/?s={search_term_string}"},"query-input":{"@type":"PropertyValueSpecification","valueRequired":true,"valueName":"search_term_string"}}],"inLanguage":"tr"},{"@type":"Organization","@id":"https:\/\/www.princessresidence.co\/#organization","name":"Princess Residence","url":"https:\/\/www.princessresidence.co\/","logo":{"@type":"ImageObject","inLanguage":"tr","@id":"https:\/\/www.princessresidence.co\/#\/schema\/logo\/image\/","url":"https:\/\/www.princessresidence.co\/wp-content\/uploads\/2021\/05\/cropped-magripli-residence-logo-1.png","contentUrl":"https:\/\/www.princessresidence.co\/wp-content\/uploads\/2021\/05\/cropped-magripli-residence-logo-1.png","width":356,"height":69,"caption":"Princess Residence"},"image":{"@id":"https:\/\/www.princessresidence.co\/#\/schema\/logo\/image\/"},"sameAs":["https:\/\/www.facebook.com\/princess.residence.istanbul.apartments"]}]}},"_links":{"self":[{"href":"https:\/\/www.princessresidence.co\/tr\/wp-json\/wp\/v2\/pages\/6388","targetHints":{"allow":["GET"]}}],"collection":[{"href":"https:\/\/www.princessresidence.co\/tr\/wp-json\/wp\/v2\/pages"}],"about":[{"href":"https:\/\/www.princessresidence.co\/tr\/wp-json\/wp\/v2\/types\/page"}],"author":[{"embeddable":true,"href":"https:\/\/www.princessresidence.co\/tr\/wp-json\/wp\/v2\/users\/1"}],"replies":[{"embeddable":true,"href":"https:\/\/www.princessresidence.co\/tr\/wp-json\/wp\/v2\/comments?post=6388"}],"version-history":[{"count":5,"href":"https:\/\/www.princessresidence.co\/tr\/wp-json\/wp\/v2\/pages\/6388\/revisions"}],"predecessor-version":[{"id":6399,"href":"https:\/\/www.princessresidence.co\/tr\/wp-json\/wp\/v2\/pages\/6388\/revisions\/6399"}],"up":[{"embeddable":true,"href":"https:\/\/www.princessresidence.co\/tr\/wp-json\/wp\/v2\/pages\/63"}],"wp:attachment":[{"href":"https:\/\/www.princessresidence.co\/tr\/wp-json\/wp\/v2\/media?parent=6388"}],"curies":[{"name":"wp","href":"https:\/\/api.w.org\/{rel}","templated":true}]}}